{"id":87,"date":"2019-05-14T12:04:10","date_gmt":"2019-05-14T10:04:10","guid":{"rendered":"https:\/\/openrgpd.fr\/?page_id=87"},"modified":"2019-05-15T17:20:16","modified_gmt":"2019-05-15T15:20:16","slug":"qui-sommes-nous","status":"publish","type":"page","link":"https:\/\/openrgpd.fr\/index.php\/qui-sommes-nous\/","title":{"rendered":"QUI SOMMES-NOUS ?"},"content":{"rendered":"\n<p style=\"text-align: left;\">Adopt\u00e9 en 2016, le RGPD (R\u00e8glement europ\u00e9en sur la protection des donn\u00e9es personnelles) est entr\u00e9 en vigueur le le 25 mai 2018.<\/p>\n<p style=\"text-align: left;\">Afin de vous aider \u00e0 r\u00e9pondre \u00e0 cette nouvelle r\u00e9glementation, M\u00e9galis Bretagne et la Ville de Saint-Av\u00e9 vous proposent un outil vous permettant de r\u00e9aliser un recensement des traitements de votre collectivit\u00e9 et d&rsquo;en sortir un registre.<\/p>\n<p style=\"text-align: left;\">Il nous est apparu pertinent de vous fournir un site ou nous essayons de recenser divers outils et ressources permettant de conduire, plus facilement, votre mise en conformit\u00e9 aux r\u00e9glementations li\u00e9es \u00e0 la protection des donn\u00e9es personnelles.<\/p>\n<p style=\"text-align: left;\">Ce site met \u00e0 votre disposition un forum qui vous permettra de communiquer sur des sujets autour des donn\u00e9es personnelles.<\/p>\n<p>Nous esp\u00e9rons que cette ressource vous aidera.<\/p>\n","protected":false},"excerpt":{"rendered":"<p>Adopt\u00e9 en 2016, le RGPD (R\u00e8glement europ\u00e9en sur la protection des donn\u00e9es personnelles) est entr\u00e9 en vigueur le le 25 mai 2018. Afin de vous aider \u00e0 r\u00e9pondre \u00e0 cette nouvelle r\u00e9glementation, M\u00e9galis Bretagne et la Ville de Saint-Av\u00e9 vous proposent un outil vous permettant de r\u00e9aliser un recensement des traitements de votre collectivit\u00e9 et [&hellip;]<\/p>\n","protected":false},"author":2,"featured_media":25,"parent":0,"menu_order":0,"comment_status":"closed","ping_status":"closed","template":"","meta":{"_bbp_topic_count":0,"_bbp_reply_count":0,"_bbp_total_topic_count":0,"_bbp_total_reply_count":0,"_bbp_voice_count":0,"_bbp_anonymous_reply_count":0,"_bbp_topic_count_hidden":0,"_bbp_reply_count_hidden":0,"_bbp_forum_subforum_count":0},"_links":{"self":[{"href":"https:\/\/openrgpd.fr\/index.php\/wp-json\/wp\/v2\/pages\/87"}],"collection":[{"href":"https:\/\/openrgpd.fr\/index.php\/wp-json\/wp\/v2\/pages"}],"about":[{"href":"https:\/\/openrgpd.fr\/index.php\/wp-json\/wp\/v2\/types\/page"}],"author":[{"embeddable":true,"href":"https:\/\/openrgpd.fr\/index.php\/wp-json\/wp\/v2\/users\/2"}],"replies":[{"embeddable":true,"href":"https:\/\/openrgpd.fr\/index.php\/wp-json\/wp\/v2\/comments?post=87"}],"version-history":[{"count":5,"href":"https:\/\/openrgpd.fr\/index.php\/wp-json\/wp\/v2\/pages\/87\/revisions"}],"predecessor-version":[{"id":263,"href":"https:\/\/openrgpd.fr\/index.php\/wp-json\/wp\/v2\/pages\/87\/revisions\/263"}],"wp:featuredmedia":[{"embeddable":true,"href":"https:\/\/openrgpd.fr\/index.php\/wp-json\/wp\/v2\/media\/25"}],"wp:attachment":[{"href":"https:\/\/openrgpd.fr\/index.php\/wp-json\/wp\/v2\/media?parent=87"}],"curies":[{"name":"wp","href":"https:\/\/api.w.org\/{rel}","templated":true}]}}